{"id":8120,"date":"2025-07-06T15:39:19","date_gmt":"2025-07-06T13:39:19","guid":{"rendered":"https:\/\/weinmanufaktur-wolfgang-pfaffmann.de\/catalog\/produkt\/2024-gelber-muskateller-qba-trocken-075l\/"},"modified":"2026-04-19T11:21:07","modified_gmt":"2026-04-19T09:21:07","slug":"2024-gelber-muskateller-qba-trocken-075l","status":"publish","type":"product","link":"https:\/\/weinmanufaktur-wolfgang-pfaffmann.de\/catalog\/produkt\/2024-gelber-muskateller-qba-trocken-075l\/","title":{"rendered":"<br>2024 Gelber Muskateller QbA trocken 0,75l<br>"},"content":{"rendered":"<p><\/p>\n<table WIDTH=\"60%\" BORDER=\"0\" align=\"left\" CELLPADDING=\"0\" CELLSPACING=\"0\"><\/table>\n","protected":false},"excerpt":{"rendered":"<p><!-- IBGHTML -->Der <em>Muskateller, trocken ausgebaut<\/em>, hat in dem Kreis unserer Weinfreunde seine besonderen Anh\u00e4nger gefunden, die ab und an schon mal ein Jahr auf den Nachfolger warten. In dem trockenen und sonnen-verw\u00f6hnten Jahr 2024 konnten wir die gro\u00dfen und dadurch empfindlichen Trauben wieder vollreif und gesund ernten. Das Resultat: Ein Muskateller mit feiner W\u00fcrze von Muskat und einem frisch fruchtigen Aromen-spiel von Orange und Pampelmuse, untermalt durch einen&nbsp;Hauch Minze. Die gedankliche Verbindung zur Traube, die wir im Weinberg naschen: das ist unsere Intension bei dieser Sorte. Dieser Wein erfreut als Aperitif, passt aber auch gut zur&nbsp;asiatischen K\u00fcche.<span class=\"Apple-converted-space\">&nbsp;<\/span><\/p>\n<table><\/p>\n<tr>\n<td>Alkohol<\/td>\n<td>12,5 Vol. %<\/td>\n<\/tr>\n<p><\/p>\n<tr>\n<td>S\u00e4ure<\/td>\n<td>5,8 g\/Ltr.<\/td>\n<\/tr>\n<p><\/p>\n<tr>\n<td>Zucker<\/td>\n<td>4,9 g\/Ltr.<\/td>\n<\/tr>\n<p><\/p>\n<tr>\n<td>Inhalt<\/td>\n<td>0,75 Ltr.<\/td>\n<\/tr>\n<p><\/p>\n<tr>\n<td>enth\u00e4lt<\/td>\n<td>Sulfite<\/td>\n<\/tr>\n<p><\/table>\n<p><\/p>\n","protected":false},"featured_media":7791,"comment_status":"open","ping_status":"closed","template":"","meta":[],"product_brand":[],"product_cat":[458],"product_tag":[],"class_list":{"0":"post-8120","1":"product","2":"type-product","3":"status-publish","4":"has-post-thumbnail","6":"product_cat-weisswein","8":"first","9":"instock","10":"taxable","11":"shipping-taxable","12":"purchasable","13":"product-type-simple"},"_links":{"self":[{"href":"https:\/\/weinmanufaktur-wolfgang-pfaffmann.de\/catalog\/wp-json\/wp\/v2\/product\/8120"}],"collection":[{"href":"https:\/\/weinmanufaktur-wolfgang-pfaffmann.de\/catalog\/wp-json\/wp\/v2\/product"}],"about":[{"href":"https:\/\/weinmanufaktur-wolfgang-pfaffmann.de\/catalog\/wp-json\/wp\/v2\/types\/product"}],"replies":[{"embeddable":true,"href":"https:\/\/weinmanufaktur-wolfgang-pfaffmann.de\/catalog\/wp-json\/wp\/v2\/comments?post=8120"}],"wp:featuredmedia":[{"embeddable":true,"href":"https:\/\/weinmanufaktur-wolfgang-pfaffmann.de\/catalog\/wp-json\/wp\/v2\/media\/7791"}],"wp:attachment":[{"href":"https:\/\/weinmanufaktur-wolfgang-pfaffmann.de\/catalog\/wp-json\/wp\/v2\/media?parent=8120"}],"wp:term":[{"taxonomy":"product_brand","embeddable":true,"href":"https:\/\/weinmanufaktur-wolfgang-pfaffmann.de\/catalog\/wp-json\/wp\/v2\/product_brand?post=8120"},{"taxonomy":"product_cat","embeddable":true,"href":"https:\/\/weinmanufaktur-wolfgang-pfaffmann.de\/catalog\/wp-json\/wp\/v2\/product_cat?post=8120"},{"taxonomy":"product_tag","embeddable":true,"href":"https:\/\/weinmanufaktur-wolfgang-pfaffmann.de\/catalog\/wp-json\/wp\/v2\/product_tag?post=8120"}],"curies":[{"name":"wp","href":"https:\/\/api.w.org\/{rel}","templated":true}]}}